{"id":5102,"date":"2020-07-31T06:47:56","date_gmt":"2020-07-31T06:47:56","guid":{"rendered":"http:\/\/wordpress.creativegigs.net\/docly\/?page_id=5102"},"modified":"2024-04-17T11:45:53","modified_gmt":"2024-04-17T08:45:53","slug":"intreaba","status":"publish","type":"page","link":"https:\/\/hartasanatatiimintale.ro\/forum\/intreaba\/","title":{"rendered":"\u00centreab\u0103"},"content":{"rendered":"\r\n    <div id=\"bbpress-forums\" class=\"bbpress-wrapper\">\r\n\r\n\r\n\r\n\r\n    <div id=\"no-topic-0\" class=\"bbp-no-topic\">\r\n        <div class=\"bbp-template-notice\">\r\n            <ul>\r\n                <li>Trebuie sa fii autentificat pentru a creea un nou subiect.<\/li>\r\n            <\/ul>\r\n        <\/div>\r\n\r\n\t\t\r\n\t\t\t\r\n<form method=\"post\" action=\"https:\/\/hartasanatatiimintale.ro\/forum\/wp-login.php\" class=\"bbp-login-form\">\r\n    <fieldset class=\"bbp-form\">\r\n        <legend>Autentificare<\/legend>\r\n\r\n        <div class=\"bbp-username\">\r\n            <label for=\"user_login\">Nume utilizator: <\/label>\r\n            <input type=\"text\" name=\"log\" value=\"\" size=\"20\" maxlength=\"100\" id=\"user_login\" autocomplete=\"off\" \r\n                   placeholder=\"Nume utilizator\"\/>\r\n        <\/div>\r\n\r\n        <div class=\"bbp-password\">\r\n            <label for=\"user_pass\">Parol\u0103: <\/label>\r\n            <input type=\"password\" name=\"pwd\" value=\"\" size=\"20\" id=\"user_pass\" autocomplete=\"off\"\r\n                   placeholder=\"Parola\"\/>\r\n        <\/div>\r\n\r\n        <div class=\"bbp-remember-me\">\r\n            <input type=\"checkbox\" class=\"checkbox-tik\" name=\"rememberme\" value=\"forever\"  id=\"rememberme\"\/>\r\n            <label for=\"rememberme\">P\u0103streaz\u0103-m\u0103 autentificat<\/label>\r\n        <\/div>\r\n\r\n\t\t\r\n        <div class=\"bbp-submit-wrapper\">\r\n\r\n            <button type=\"submit\" name=\"user-submit\" id=\"user-submit\" class=\"button submit user-submit\">Autentificare<\/button>\r\n\r\n\t\t\t\n\t<input type=\"hidden\" name=\"user-cookie\" value=\"1\" \/>\n\n\t<input type=\"hidden\" id=\"bbp_redirect_to\" name=\"redirect_to\" value=\"https:\/\/hartasanatatiimintale.ro\/forum\/wp-json\/wp\/v2\/pages\/5102\" \/><input type=\"hidden\" id=\"_wpnonce\" name=\"_wpnonce\" value=\"fee532e878\" \/><input type=\"hidden\" name=\"_wp_http_referer\" value=\"\/forum\/wp-json\/wp\/v2\/pages\/5102\" \/>\r\n        <\/div>\r\n    <\/fieldset>\r\n<\/form>\r\n\r\n\t\t\r\n    <\/div>\r\n\r\n\r\n\r\n    <\/div>\r\n\r\n\n\n\n\n<p class=\"notloggedin\">Nu ai cont pe site?<\/p>\n\n\n\n<div class=\"wp-block-buttons is-layout-flex wp-block-buttons-is-layout-flex\">\n<div class=\"wp-block-button notloggedin\"><a class=\"wp-block-button__link wp-element-button\" href=\"https:\/\/hartasanatatiimintale.ro\/forum\/sign-up\/\">Creeaz\u0103 un cont nou<\/a><\/div>\n<\/div>\n","protected":false},"excerpt":{"rendered":"<p>Nu ai cont pe site?<\/p>\n","protected":false},"author":1,"featured_media":0,"parent":0,"menu_order":0,"comment_status":"closed","ping_status":"closed","template":"","meta":{"_acf_changed":false,"_bbp_topic_count":0,"_bbp_reply_count":0,"_bbp_total_topic_count":0,"_bbp_total_reply_count":0,"_bbp_voice_count":0,"_bbp_anonymous_reply_count":0,"_bbp_topic_count_hidden":0,"_bbp_reply_count_hidden":0,"_bbp_forum_subforum_count":0,"footnotes":""},"class_list":["post-5102","page","type-page","status-publish","hentry","no-post-thumbnail"],"acf":[],"_links":{"self":[{"href":"https:\/\/hartasanatatiimintale.ro\/forum\/wp-json\/wp\/v2\/pages\/5102","targetHints":{"allow":["GET"]}}],"collection":[{"href":"https:\/\/hartasanatatiimintale.ro\/forum\/wp-json\/wp\/v2\/pages"}],"about":[{"href":"https:\/\/hartasanatatiimintale.ro\/forum\/wp-json\/wp\/v2\/types\/page"}],"author":[{"embeddable":true,"href":"https:\/\/hartasanatatiimintale.ro\/forum\/wp-json\/wp\/v2\/users\/1"}],"replies":[{"embeddable":true,"href":"https:\/\/hartasanatatiimintale.ro\/forum\/wp-json\/wp\/v2\/comments?post=5102"}],"version-history":[{"count":6,"href":"https:\/\/hartasanatatiimintale.ro\/forum\/wp-json\/wp\/v2\/pages\/5102\/revisions"}],"predecessor-version":[{"id":10125,"href":"https:\/\/hartasanatatiimintale.ro\/forum\/wp-json\/wp\/v2\/pages\/5102\/revisions\/10125"}],"wp:attachment":[{"href":"https:\/\/hartasanatatiimintale.ro\/forum\/wp-json\/wp\/v2\/media?parent=5102"}],"curies":[{"name":"wp","href":"https:\/\/api.w.org\/{rel}","templated":true}]}}